{"id":591,"date":"2024-06-27T09:24:36","date_gmt":"2024-06-27T09:24:36","guid":{"rendered":"https:\/\/www.gasoilcasasnovas.com\/aviso-legal\/"},"modified":"2025-05-05T09:51:13","modified_gmt":"2025-05-05T09:51:13","slug":"legal-warning","status":"publish","type":"page","link":"https:\/\/www.gasoilcasasnovas.com\/en\/legal-warning\/","title":{"rendered":"Legal warning"},"content":{"rendered":"<style type=\"text\/css\">@media only screen and (min-width: 1000px) and (max-width: 5000px){body.kc-css-system .kc-css-237299{width: 100%;}body.kc-css-system .kc-css-1943737{width: 100%;}body.kc-css-system .kc-css-4065619{width: 50%;}body.kc-css-system .kc-css-2009229{width: 50%;}body.kc-css-system .kc-css-4216693{width: 90.2%;}body.kc-css-system .kc-css-2731146{width: 9.78%;}}body.kc-css-system .kc-css-1107012 .kc-container{max-width: 1170px;}body.kc-css-system .kc-css-1107012{margin-top: 50px;}body.kc-css-system .kc-css-2439668{text-align: left;}body.kc-css-system .kc-css-1214616 ,body.kc-css-system .kc-css-1214616 p{color: #043882;font-family: Lato;font-size: 14px;text-transform: uppercase;text-align: right;}body.kc-css-system .kc-css-3006754{margin-top: 50px;display: none;}body.kc-css-system .kc-css-4232787 ,body.kc-css-system .kc-css-4232787 p{color: #043882;font-family: Lato;font-size: 14px;text-transform: uppercase;text-align: right;}body.kc-css-system .kc-css-1629765 ,body.kc-css-system .kc-css-1629765 p{color: #043882;font-family: Lato;font-size: 14px;text-transform: uppercase;text-align: center;}body.kc-css-system .kc-css-2856289{text-align: center;}body.kc-css-system .kc-css-1086809 .kc-container{max-width: 1170px;}body.kc-css-system .kc-css-1241919.kc_title,body.kc-css-system .kc-css-1241919 .kc_title,body.kc-css-system .kc-css-1241919 .kc_title a.kc_title_link{color: rgba(10, 187, 239, 0.70);font-family: Lato;font-size: 32px;font-weight: 500;text-align: left;}body.kc-css-system .kc-css-2354168{margin-left: 0px;border-top: 3px solid #043882;;}body.kc-css-system .kc-css-1531255{text-align: left;}body.kc-css-system .kc-css-3283109 ,body.kc-css-system .kc-css-3283109 p{color: #043882;font-family: Lato;font-size: 32px;line-height: 24px;font-weight: 800;text-align: right;}body.kc-css-system .kc-css-3283109 p{margin-top: 5px;}body.kc-css-system .kc-css-2922929 i{color: #404040;font-size: 32px;}body.kc-css-system .kc-css-2922929{text-align: right;}body.kc-css-system .kc-css-3529053 ,body.kc-css-system .kc-css-3529053 p{color: #000000;font-family: Lato;font-size: 12px;text-align: center;}@media only screen and (max-width: 1024px){body.kc-css-system .kc-css-1107012{display: none;}body.kc-css-system .kc-css-3006754{display: inline-block;}}@media only screen and (max-width: 999px){body.kc-css-system .kc-css-1107012{display: none;}body.kc-css-system .kc-css-3006754{display: inline-block;}}@media only screen and (max-width: 767px){body.kc-css-system .kc-css-1107012{display: none;}body.kc-css-system .kc-css-3006754{display: inline-block;}}@media only screen and (max-width: 479px){body.kc-css-system .kc-css-1107012{display: none;}body.kc-css-system .kc-css-3006754{display: inline-block;}body.kc-css-system .kc-css-3283109 ,body.kc-css-system .kc-css-3283109 p{text-align: center;}body.kc-css-system .kc-css-2922929{text-align: center;}}<\/style>\n<section id=\"contenidopagina\" class=\"kc-elm kc-css-1107012 kc_row\">\n<div class=\"kc-row-container  kc-container\">\n<div class=\"kc-wrap-columns\">\n<div class=\"kc-elm kc-css-237299 kc_col-sm-12 kc_column kc_col-sm-12\">\n<div class=\"kc-col-container\">\n<div class=\"kc-elm kc-css-2439668 kc_shortcode kc_single_image\">\n<p>        <a  href=\"https:\/\/www.gasoilcasasnovas.com\/\" title=\"\" target=\"_self\"><br \/>\n        <img decoding=\"async\" src=\"https:\/\/www.gasoilcasasnovas.com\/wp-content\/uploads\/2018\/12\/logo.jpg\" class=\"logotipo\" alt=\"\" \/>    <\/a>\n    <\/div>\n<div class=\"kc-elm kc-css-1214616 kc_text_block idiomas\">\n<p>\n<a href=\"https:\/\/www.gasoilcasasnovas.com\/\">ESP<\/a> | <a href=\"https:\/\/www.gasoilcasasnovas.com\/ca\/\">CAT<\/a> | <a href=\"https:\/\/www.gasoilcasasnovas.com\/en\/\">ENG<\/a> | <a href=\"https:\/\/www.gasoilcasasnovas.com\/de\/\">DEU<\/a><\/p>\n<\/div>\n<div class=\"kc-elm kc-css-796681 linea\" style=\"height: 7px; clear: both; width:100%;\"><\/div>\n<div class=\"kc-elm kc-css-1797063\" style=\"height: 7px; clear: both; width:100%;\"><\/div>\n<\/div>\n<\/div>\n<\/div>\n<\/div>\n<\/section>\n<section class=\"kc-elm kc-css-3006754 kc_row\">\n<div class=\"kc-row-container  kc-container\">\n<div class=\"kc-wrap-columns\">\n<div class=\"kc-elm kc-css-1943737 kc_col-sm-12 kc_column kc_col-sm-12\">\n<div class=\"kc-col-container\">\n<div class=\"kc-elm kc-css-4232787 kc_text_block idiomasmovil\">\n<p>\n<a href=\"https:\/\/www.gasoilcasasnovas.com\/\">ESP<\/a> | <a href=\"https:\/\/www.gasoilcasasnovas.com\/ca\/\">CAT<\/a> | <a href=\"https:\/\/www.gasoilcasasnovas.com\/en\/\">ENG<\/a> | <a href=\"https:\/\/www.gasoilcasasnovas.com\/de\/\">DEU<\/a><\/p>\n<\/div>\n<div class=\"kc-elm kc-css-1629765 kc_text_block idiomasmovilpetit\">\n<p>\n<a href=\"https:\/\/www.gasoilcasasnovas.com\/\">ESP<\/a> | <a href=\"https:\/\/www.gasoilcasasnovas.com\/ca\/\">CAT<\/a> | <a href=\"https:\/\/www.gasoilcasasnovas.com\/en\/\">ENG<\/a> | <a href=\"https:\/\/www.gasoilcasasnovas.com\/de\/\">DEU<\/a><\/p>\n<\/div>\n<div class=\"kc-elm kc-css-2856289 kc_shortcode kc_single_image\">\n<p>        <a  href=\"https:\/\/www.gasoilcasasnovas.com\/\" title=\"\" target=\"_self\"><br \/>\n        <img decoding=\"async\" src=\"https:\/\/www.gasoilcasasnovas.com\/wp-content\/uploads\/2018\/12\/logo.jpg\" class=\"\" alt=\"\" \/>    <\/a>\n    <\/div>\n<div class=\"kc-elm kc-css-3193081 linea\" style=\"height: 7px; clear: both; width:100%;\"><\/div>\n<div class=\"kc-elm kc-css-3536020\" style=\"height: 7px; clear: both; width:100%;\"><\/div>\n<\/div>\n<\/div>\n<\/div>\n<\/div>\n<\/section>\n<section data-kc-fullwidth=\"row\" class=\"kc-elm kc-css-1086809 kc_row\">\n<div class=\"kc-row-container  kc-container\">\n<div class=\"kc-wrap-columns\">\n<div class=\"kc-elm kc-css-3918553 kc_col-sm-12 kc_column kc_col-sm-12\">\n<div class=\"kc-col-container\">\n<div class=\"kc-elm kc-css-2616218\" style=\"height: 70px; clear: both; width:100%;\"><\/div>\n<div class=\"kc-elm kc-css-1241919 kc-title-wrap \">\n<p class=\"kc_title\">Legal warning<\/p>\n<\/div>\n<div class=\"kc-elm kc-css-2976407 kc_text_block\">\n<p>AVISO LEGAL<\/p>\n<p>En cumplimiento con el deber de informaci\u00f3n recogido en art\u00edculo 10 de la Ley 34\/2002, de 11 de julio, de Servicios de la Sociedad de la Informaci\u00f3n y del Comercio Electr\u00f3nico (LSSICE), el propietario de la web, le informa de lo siguiente:<\/p>\n<ul>\n<li>Denominaci\u00f3n social: Jos\u00e9 Luis Casasnovas Sastre<\/li>\n<li>NIF: 78208487T<\/li>\n<li>Domicilio: Carretera de Fornalutx, 40, 07100 &#8211; S\u00f3ller (Illes Balears)<\/li>\n<\/ul>\n<p>Con los l\u00edmites establecidos en la ley, Jos\u00e9 Luis Casasnovas Sastre no asume ninguna responsabilidad derivada de la falta de veracidad, integridad, actualizaci\u00f3n y precisi\u00f3n de los datos o informaciones que contienen sus p\u00e1ginas web.<\/p>\n<p>Los contenidos e informaci\u00f3n no vinculan a Jos\u00e9 Luis Casasnovas Sastre ni constituyen opiniones, consejos o asesoramiento legal de ning\u00fan tipo pues se trata meramente de un servicio ofrecido con car\u00e1cter informativo y divulgativo.<\/p>\n<p>Las p\u00e1ginas de Internet de Jos\u00e9 Luis Casasnovas Sastre pueden contener enlaces (links) a otras p\u00e1ginas de terceras partes que Jos\u00e9 Luis Casasnovas Sastre no puede controlar. Por lo tanto, Jos\u00e9 Luis Casasnovas Sastre no puede asumir responsabilidades por el contenido que pueda aparecer en p\u00e1ginas de terceros.<\/p>\n<p>Los textos, im\u00e1genes, sonidos, animaciones, software y el resto de los contenidos incluidos en este website son propiedad exclusiva de Jos\u00e9 Luis Casasnovas Sastre o sus licenciantes. Cualquier acto de transmisi\u00f3n, distribuci\u00f3n, cesi\u00f3n, reproducci\u00f3n, almacenamiento o comunicaci\u00f3n p\u00fablica total o parcial, deber\u00e1 contar con el consentimiento expreso de Jos\u00e9 Luis Casasnovas Sastre.<\/p>\n<p>Asimismo, para acceder a algunos de los servicios que Jos\u00e9 Luis Casasnovas Sastre ofrece a trav\u00e9s del sitio web, deber\u00e1 proporcionar algunos datos de car\u00e1cter personal. En cumplimiento de lo establecido en el Reglamento (UE) 2016\/679 del Parlamento Europeo y del Consejo, de 27 de abril de 2016, relativo a la protecci\u00f3n de las personas f\u00edsicas en lo que respecta al tratamiento de datos personales y a la libre circulaci\u00f3n de estos datos le informamos que, mediante la cumplimentaci\u00f3n de los presentes formularios, sus datos personales quedar\u00e1n incorporados y ser\u00e1n tratados en los ficheros de Jos\u00e9 Luis Casasnovas Sastre con el fin de poderle prestar y ofrecer nuestros servicios as\u00ed como para informarle de las mejoras del sitio Web.<\/p>\n<p>Le recordamos que tiene derecho a ejercer los derechos de acceso, rectificaci\u00f3n, cancelaci\u00f3n, limitaci\u00f3n, oposici\u00f3n y portabilidad de manera gratuita mediante correo electr\u00f3nico a: <a href=\"mailto:pedidos@gasoilcasasnovas.com\">pedidos@gasoilcasasnovas.com<\/a> o bien en la siguiente direcci\u00f3n: Carretera de Fornalutx, 40, 07100 &#8211; S\u00f3ller (Illes Balears) y de solicitar la tutela de la Agencia Espa\u00f1ola de Protecci\u00f3n de datos en <a href=\"http:\/\/www.aepd.es\">www.aepd.es<\/a><\/p>\n<p>REV: 20.3009<\/p>\n<\/p>\n<\/div>\n<\/div>\n<\/div>\n<\/div>\n<\/div>\n<\/section>\n<section class=\"kc-elm kc-css-2354168 kc_row\">\n<div class=\"kc-row-container  kc-container\">\n<div class=\"kc-wrap-columns\">\n<div class=\"kc-elm kc-css-4065619 kc_col-sm-6 kc_column kc_col-sm-6\">\n<div class=\"kc-col-container\">\n<div class=\"kc-elm kc-css-3146072\" style=\"height: 10px; clear: both; width:100%;\"><\/div>\n<div class=\"kc-elm kc-css-1531255 kc_shortcode kc_single_image\">\n<p>        <img decoding=\"async\" src=\"https:\/\/www.gasoilcasasnovas.com\/wp-content\/uploads\/2018\/12\/distribuidor.jpg\" class=\"\" alt=\"\" \/>    <\/div>\n<\/div>\n<\/div>\n<div class=\"kc-elm kc-css-2009229 kc_col-sm-6 kc_column kc_col-sm-6\">\n<div class=\"kc-col-container\">\n<div class=\"kc-elm kc-css-497215\" style=\"height: 20px; clear: both; width:100%;\"><\/div>\n<div class=\"kc-elm kc-css-434123 kc_row kc_row_inner\">\n<div class=\"kc-elm kc-css-4216693 kc_col-sm-11 kc_column_inner kc_col-sm-11\">\n<div class=\"kc_wrapper kc-col-inner-container\">\n<div class=\"kc-elm kc-css-3283109 kc_text_block\">\n<p>\nT. 629 71 95 22<br \/><a class=\"mail\" href=\"mailto:pedidos@gasoilcasasnovas.com\">pedidos@gasoilcasasnovas.com<\/a><\/p>\n<\/div>\n<\/div>\n<\/div>\n<div class=\"kc-elm kc-css-2731146 kc_col-sm-1 kc_column_inner kc_col-sm-1\">\n<div class=\"kc_wrapper kc-col-inner-container\">\n<div class=\"kc-elm kc-css-2922929 kc-icon-wrapper\">\n\t\t<a href=\"https:\/\/www.facebook.com\/gasoilcasasnovas\/\" target=\"_blank\" title=\"\"><br \/>\n\t\t<i class=\"fab-facebook-square\"><\/i><br \/>\n\t\t<\/a>\n\t<\/div>\n<\/div>\n<\/div>\n<\/div>\n<div class=\"kc-elm kc-css-606744\" style=\"height: 20px; clear: both; width:100%;\"><\/div>\n<\/div>\n<\/div>\n<\/div>\n<\/div>\n<\/section>\n<section class=\"kc-elm kc-css-816520 kc_row\">\n<div class=\"kc-row-container  kc-container\">\n<div class=\"kc-wrap-columns\">\n<div class=\"kc-elm kc-css-3246416 kc_col-sm-12 kc_column kc_col-sm-12\">\n<div class=\"kc-col-container\">\n<div class=\"kc-elm kc-css-3529053 kc_text_block\">\n<p><a style=\"color: #000;\" href=\"https:\/\/www.gasoilcasasnovas.com\/en\/privacy-policy\/\">Privacy policy<\/a> \u00b7 <a style=\"color: #000;\" href=\"https:\/\/www.gasoilcasasnovas.com\/en\/legal-warning\/\">Legal warning<\/a> \u00b7 <a style=\"color: #000;\" href=\"https:\/\/www.gasoilcasasnovas.com\/en\/cookies\/\">Cookies<\/a><\/p>\n<\/div>\n<\/div>\n<\/div>\n<\/div>\n<\/div>\n<\/section>\n","protected":false},"excerpt":{"rendered":"<p>ESP | CAT | ENG | DEU ESP | CAT | ENG | DEU ESP | CAT | ENG | DEU Legal warning AVISO LEGAL En cumplimiento con el deber de informaci\u00f3n recogido en art\u00edculo 10 de la Ley 34\/2002, de 11 de julio, de Servicios de la Sociedad de la Informaci\u00f3n y del Comercio [&hellip;]<\/p>\n","protected":false},"author":1,"featured_media":0,"parent":0,"menu_order":0,"comment_status":"closed","ping_status":"closed","template":"","meta":{"footnotes":""},"class_list":["post-591","page","type-page","status-publish","hentry"],"_links":{"self":[{"href":"https:\/\/www.gasoilcasasnovas.com\/en\/wp-json\/wp\/v2\/pages\/591","targetHints":{"allow":["GET"]}}],"collection":[{"href":"https:\/\/www.gasoilcasasnovas.com\/en\/wp-json\/wp\/v2\/pages"}],"about":[{"href":"https:\/\/www.gasoilcasasnovas.com\/en\/wp-json\/wp\/v2\/types\/page"}],"author":[{"embeddable":true,"href":"https:\/\/www.gasoilcasasnovas.com\/en\/wp-json\/wp\/v2\/users\/1"}],"replies":[{"embeddable":true,"href":"https:\/\/www.gasoilcasasnovas.com\/en\/wp-json\/wp\/v2\/comments?post=591"}],"version-history":[{"count":5,"href":"https:\/\/www.gasoilcasasnovas.com\/en\/wp-json\/wp\/v2\/pages\/591\/revisions"}],"predecessor-version":[{"id":726,"href":"https:\/\/www.gasoilcasasnovas.com\/en\/wp-json\/wp\/v2\/pages\/591\/revisions\/726"}],"wp:attachment":[{"href":"https:\/\/www.gasoilcasasnovas.com\/en\/wp-json\/wp\/v2\/media?parent=591"}],"curies":[{"name":"wp","href":"https:\/\/api.w.org\/{rel}","templated":true}]}}