{"id":592,"date":"2024-06-27T09:24:36","date_gmt":"2024-06-27T09:24:36","guid":{"rendered":"https:\/\/www.gasoilcasasnovas.com\/aviso-legal\/"},"modified":"2025-05-05T09:52:04","modified_gmt":"2025-05-05T09:52:04","slug":"rechtliche-warnung","status":"publish","type":"page","link":"https:\/\/www.gasoilcasasnovas.com\/de\/rechtliche-warnung\/","title":{"rendered":"Rechtliche Warnung"},"content":{"rendered":"<style type=\"text\/css\">@media only screen and (min-width: 1000px) and (max-width: 5000px){body.kc-css-system .kc-css-3745341{width: 100%;}body.kc-css-system .kc-css-3216330{width: 100%;}body.kc-css-system .kc-css-3022928{width: 50%;}body.kc-css-system .kc-css-2368227{width: 50%;}body.kc-css-system .kc-css-4189517{width: 90.2%;}body.kc-css-system .kc-css-3062245{width: 9.78%;}}body.kc-css-system .kc-css-414412 .kc-container{max-width: 1170px;}body.kc-css-system .kc-css-414412{margin-top: 50px;}body.kc-css-system .kc-css-3586906{text-align: left;}body.kc-css-system .kc-css-3735046 ,body.kc-css-system .kc-css-3735046 p{color: #043882;font-family: Lato;font-size: 14px;text-transform: uppercase;text-align: right;}body.kc-css-system .kc-css-3340379{margin-top: 50px;display: none;}body.kc-css-system .kc-css-3820675 ,body.kc-css-system .kc-css-3820675 p{color: #043882;font-family: Lato;font-size: 14px;text-transform: uppercase;text-align: right;}body.kc-css-system .kc-css-687472 ,body.kc-css-system .kc-css-687472 p{color: #043882;font-family: Lato;font-size: 14px;text-transform: uppercase;text-align: center;}body.kc-css-system .kc-css-3161009{text-align: center;}body.kc-css-system .kc-css-4205514 .kc-container{max-width: 1170px;}body.kc-css-system .kc-css-631141.kc_title,body.kc-css-system .kc-css-631141 .kc_title,body.kc-css-system .kc-css-631141 .kc_title a.kc_title_link{color: rgba(10, 187, 239, 0.70);font-family: Lato;font-size: 32px;font-weight: 500;text-align: left;}body.kc-css-system .kc-css-1020393{margin-left: 0px;border-top: 3px solid #043882;;}body.kc-css-system .kc-css-3856173{text-align: left;}body.kc-css-system .kc-css-3347639 ,body.kc-css-system .kc-css-3347639 p{color: #043882;font-family: Lato;font-size: 32px;line-height: 24px;font-weight: 800;text-align: right;}body.kc-css-system .kc-css-3347639 p{margin-top: 5px;}body.kc-css-system .kc-css-2512993 i{color: #404040;font-size: 32px;}body.kc-css-system .kc-css-2512993{text-align: right;}body.kc-css-system .kc-css-1612325 ,body.kc-css-system .kc-css-1612325 p{color: #000000;font-family: Lato;font-size: 12px;text-align: center;}@media only screen and (max-width: 1024px){body.kc-css-system .kc-css-414412{display: none;}body.kc-css-system .kc-css-3340379{display: inline-block;}}@media only screen and (max-width: 999px){body.kc-css-system .kc-css-414412{display: none;}body.kc-css-system .kc-css-3340379{display: inline-block;}}@media only screen and (max-width: 767px){body.kc-css-system .kc-css-414412{display: none;}body.kc-css-system .kc-css-3340379{display: inline-block;}}@media only screen and (max-width: 479px){body.kc-css-system .kc-css-414412{display: none;}body.kc-css-system .kc-css-3340379{display: inline-block;}body.kc-css-system .kc-css-3347639 ,body.kc-css-system .kc-css-3347639 p{text-align: center;}body.kc-css-system .kc-css-2512993{text-align: center;}}<\/style>\n<section id=\"contenidopagina\" class=\"kc-elm kc-css-414412 kc_row\">\n<div class=\"kc-row-container  kc-container\">\n<div class=\"kc-wrap-columns\">\n<div class=\"kc-elm kc-css-3745341 kc_col-sm-12 kc_column kc_col-sm-12\">\n<div class=\"kc-col-container\">\n<div class=\"kc-elm kc-css-3586906 kc_shortcode kc_single_image\">\n<p>        <a  href=\"https:\/\/www.gasoilcasasnovas.com\/\" title=\"\" target=\"_self\"><br \/>\n        <img decoding=\"async\" src=\"https:\/\/www.gasoilcasasnovas.com\/wp-content\/uploads\/2018\/12\/logo.jpg\" class=\"logotipo\" alt=\"\" \/>    <\/a>\n    <\/div>\n<div class=\"kc-elm kc-css-3735046 kc_text_block idiomas\">\n<p>\n<a href=\"https:\/\/www.gasoilcasasnovas.com\/\">ESP<\/a> | <a href=\"https:\/\/www.gasoilcasasnovas.com\/ca\/\">CAT<\/a> | <a href=\"https:\/\/www.gasoilcasasnovas.com\/en\/\">ENG<\/a> | <a href=\"https:\/\/www.gasoilcasasnovas.com\/de\/\">DEU<\/a><\/p>\n<\/div>\n<div class=\"kc-elm kc-css-913900 linea\" style=\"height: 7px; clear: both; width:100%;\"><\/div>\n<div class=\"kc-elm kc-css-3550771\" style=\"height: 7px; clear: both; width:100%;\"><\/div>\n<\/div>\n<\/div>\n<\/div>\n<\/div>\n<\/section>\n<section class=\"kc-elm kc-css-3340379 kc_row\">\n<div class=\"kc-row-container  kc-container\">\n<div class=\"kc-wrap-columns\">\n<div class=\"kc-elm kc-css-3216330 kc_col-sm-12 kc_column kc_col-sm-12\">\n<div class=\"kc-col-container\">\n<div class=\"kc-elm kc-css-3820675 kc_text_block idiomasmovil\">\n<p>\n<a href=\"https:\/\/www.gasoilcasasnovas.com\/\">ESP<\/a> | <a href=\"https:\/\/www.gasoilcasasnovas.com\/ca\/\">CAT<\/a> | <a href=\"https:\/\/www.gasoilcasasnovas.com\/en\/\">ENG<\/a> | <a href=\"https:\/\/www.gasoilcasasnovas.com\/de\/\">DEU<\/a><\/p>\n<\/div>\n<div class=\"kc-elm kc-css-687472 kc_text_block idiomasmovilpetit\">\n<p>\n<a href=\"https:\/\/www.gasoilcasasnovas.com\/\">ESP<\/a> | <a href=\"https:\/\/www.gasoilcasasnovas.com\/ca\/\">CAT<\/a> | <a href=\"https:\/\/www.gasoilcasasnovas.com\/en\/\">ENG<\/a> | <a href=\"https:\/\/www.gasoilcasasnovas.com\/de\/\">DEU<\/a><\/p>\n<\/div>\n<div class=\"kc-elm kc-css-3161009 kc_shortcode kc_single_image\">\n<p>        <a  href=\"https:\/\/www.gasoilcasasnovas.com\/\" title=\"\" target=\"_self\"><br \/>\n        <img decoding=\"async\" src=\"https:\/\/www.gasoilcasasnovas.com\/wp-content\/uploads\/2018\/12\/logo.jpg\" class=\"\" alt=\"\" \/>    <\/a>\n    <\/div>\n<div class=\"kc-elm kc-css-1676065 linea\" style=\"height: 7px; clear: both; width:100%;\"><\/div>\n<div class=\"kc-elm kc-css-3290880\" style=\"height: 7px; clear: both; width:100%;\"><\/div>\n<\/div>\n<\/div>\n<\/div>\n<\/div>\n<\/section>\n<section data-kc-fullwidth=\"row\" class=\"kc-elm kc-css-4205514 kc_row\">\n<div class=\"kc-row-container  kc-container\">\n<div class=\"kc-wrap-columns\">\n<div class=\"kc-elm kc-css-1434034 kc_col-sm-12 kc_column kc_col-sm-12\">\n<div class=\"kc-col-container\">\n<div class=\"kc-elm kc-css-4177729\" style=\"height: 70px; clear: both; width:100%;\"><\/div>\n<div class=\"kc-elm kc-css-631141 kc-title-wrap \">\n<p class=\"kc_title\">Rechtliche Warnung<\/p>\n<\/div>\n<div class=\"kc-elm kc-css-3248582 kc_text_block\">\n<p>AVISO LEGAL<\/p>\n<p>En cumplimiento con el deber de informaci\u00f3n recogido en art\u00edculo 10 de la Ley 34\/2002, de 11 de julio, de Servicios de la Sociedad de la Informaci\u00f3n y del Comercio Electr\u00f3nico (LSSICE), el propietario de la web, le informa de lo siguiente:<\/p>\n<ul>\n<li>Denominaci\u00f3n social: Jos\u00e9 Luis Casasnovas Sastre<\/li>\n<li>NIF: 78208487T<\/li>\n<li>Domicilio: Carretera de Fornalutx, 40, 07100 &#8211; S\u00f3ller (Illes Balears)<\/li>\n<\/ul>\n<p>Con los l\u00edmites establecidos en la ley, Jos\u00e9 Luis Casasnovas Sastre no asume ninguna responsabilidad derivada de la falta de veracidad, integridad, actualizaci\u00f3n y precisi\u00f3n de los datos o informaciones que contienen sus p\u00e1ginas web.<\/p>\n<p>Los contenidos e informaci\u00f3n no vinculan a Jos\u00e9 Luis Casasnovas Sastre ni constituyen opiniones, consejos o asesoramiento legal de ning\u00fan tipo pues se trata meramente de un servicio ofrecido con car\u00e1cter informativo y divulgativo.<\/p>\n<p>Las p\u00e1ginas de Internet de Jos\u00e9 Luis Casasnovas Sastre pueden contener enlaces (links) a otras p\u00e1ginas de terceras partes que Jos\u00e9 Luis Casasnovas Sastre no puede controlar. Por lo tanto, Jos\u00e9 Luis Casasnovas Sastre no puede asumir responsabilidades por el contenido que pueda aparecer en p\u00e1ginas de terceros.<\/p>\n<p>Los textos, im\u00e1genes, sonidos, animaciones, software y el resto de los contenidos incluidos en este website son propiedad exclusiva de Jos\u00e9 Luis Casasnovas Sastre o sus licenciantes. Cualquier acto de transmisi\u00f3n, distribuci\u00f3n, cesi\u00f3n, reproducci\u00f3n, almacenamiento o comunicaci\u00f3n p\u00fablica total o parcial, deber\u00e1 contar con el consentimiento expreso de Jos\u00e9 Luis Casasnovas Sastre.<\/p>\n<p>Asimismo, para acceder a algunos de los servicios que Jos\u00e9 Luis Casasnovas Sastre ofrece a trav\u00e9s del sitio web, deber\u00e1 proporcionar algunos datos de car\u00e1cter personal. En cumplimiento de lo establecido en el Reglamento (UE) 2016\/679 del Parlamento Europeo y del Consejo, de 27 de abril de 2016, relativo a la protecci\u00f3n de las personas f\u00edsicas en lo que respecta al tratamiento de datos personales y a la libre circulaci\u00f3n de estos datos le informamos que, mediante la cumplimentaci\u00f3n de los presentes formularios, sus datos personales quedar\u00e1n incorporados y ser\u00e1n tratados en los ficheros de Jos\u00e9 Luis Casasnovas Sastre con el fin de poderle prestar y ofrecer nuestros servicios as\u00ed como para informarle de las mejoras del sitio Web.<\/p>\n<p>Le recordamos que tiene derecho a ejercer los derechos de acceso, rectificaci\u00f3n, cancelaci\u00f3n, limitaci\u00f3n, oposici\u00f3n y portabilidad de manera gratuita mediante correo electr\u00f3nico a: <a href=\"mailto:pedidos@gasoilcasasnovas.com\">pedidos@gasoilcasasnovas.com<\/a> o bien en la siguiente direcci\u00f3n: Carretera de Fornalutx, 40, 07100 &#8211; S\u00f3ller (Illes Balears) y de solicitar la tutela de la Agencia Espa\u00f1ola de Protecci\u00f3n de datos en <a href=\"http:\/\/www.aepd.es\">www.aepd.es<\/a><\/p>\n<p>REV: 20.3009<\/p>\n<\/p>\n<\/div>\n<\/div>\n<\/div>\n<\/div>\n<\/div>\n<\/section>\n<section class=\"kc-elm kc-css-1020393 kc_row\">\n<div class=\"kc-row-container  kc-container\">\n<div class=\"kc-wrap-columns\">\n<div class=\"kc-elm kc-css-3022928 kc_col-sm-6 kc_column kc_col-sm-6\">\n<div class=\"kc-col-container\">\n<div class=\"kc-elm kc-css-2959780\" style=\"height: 10px; clear: both; width:100%;\"><\/div>\n<div class=\"kc-elm kc-css-3856173 kc_shortcode kc_single_image\">\n<p>        <img decoding=\"async\" src=\"https:\/\/www.gasoilcasasnovas.com\/wp-content\/uploads\/2018\/12\/distribuidor.jpg\" class=\"\" alt=\"\" \/>    <\/div>\n<\/div>\n<\/div>\n<div class=\"kc-elm kc-css-2368227 kc_col-sm-6 kc_column kc_col-sm-6\">\n<div class=\"kc-col-container\">\n<div class=\"kc-elm kc-css-3180667\" style=\"height: 20px; clear: both; width:100%;\"><\/div>\n<div class=\"kc-elm kc-css-3220510 kc_row kc_row_inner\">\n<div class=\"kc-elm kc-css-4189517 kc_col-sm-11 kc_column_inner kc_col-sm-11\">\n<div class=\"kc_wrapper kc-col-inner-container\">\n<div class=\"kc-elm kc-css-3347639 kc_text_block\">\n<p>\nT. 629 71 95 22<br \/><a class=\"mail\" href=\"mailto:pedidos@gasoilcasasnovas.com\">pedidos@gasoilcasasnovas.com<\/a><\/p>\n<\/div>\n<\/div>\n<\/div>\n<div class=\"kc-elm kc-css-3062245 kc_col-sm-1 kc_column_inner kc_col-sm-1\">\n<div class=\"kc_wrapper kc-col-inner-container\">\n<div class=\"kc-elm kc-css-2512993 kc-icon-wrapper\">\n\t\t<a href=\"https:\/\/www.facebook.com\/gasoilcasasnovas\/\" target=\"_blank\" title=\"\"><br \/>\n\t\t<i class=\"fab-facebook-square\"><\/i><br \/>\n\t\t<\/a>\n\t<\/div>\n<\/div>\n<\/div>\n<\/div>\n<div class=\"kc-elm kc-css-1672557\" style=\"height: 20px; clear: both; width:100%;\"><\/div>\n<\/div>\n<\/div>\n<\/div>\n<\/div>\n<\/section>\n<section class=\"kc-elm kc-css-4319193 kc_row\">\n<div class=\"kc-row-container  kc-container\">\n<div class=\"kc-wrap-columns\">\n<div class=\"kc-elm kc-css-3880465 kc_col-sm-12 kc_column kc_col-sm-12\">\n<div class=\"kc-col-container\">\n<div class=\"kc-elm kc-css-1612325 kc_text_block\">\n<p><a style=\"color: #000;\" href=\"https:\/\/www.gasoilcasasnovas.com\/de\/datenschutzrichtlinie\/\">Datenschutzrichtlinie<\/a> \u00b7 <a style=\"color: #000;\" href=\"https:\/\/www.gasoilcasasnovas.com\/de\/rechtliche-warnung\/\">Rechtliche Warnung<\/a> \u00b7 <a style=\"color: #000;\" href=\"https:\/\/www.gasoilcasasnovas.com\/de\/cookies\/\">Cookies<\/a><\/p>\n<\/div>\n<\/div>\n<\/div>\n<\/div>\n<\/div>\n<\/section>\n","protected":false},"excerpt":{"rendered":"<p>ESP | CAT | ENG | DEU ESP | CAT | ENG | DEU ESP | CAT | ENG | DEU Rechtliche Warnung AVISO LEGAL En cumplimiento con el deber de informaci\u00f3n recogido en art\u00edculo 10 de la Ley 34\/2002, de 11 de julio, de Servicios de la Sociedad de la Informaci\u00f3n y del Comercio [&hellip;]<\/p>\n","protected":false},"author":1,"featured_media":0,"parent":0,"menu_order":0,"comment_status":"closed","ping_status":"closed","template":"","meta":{"footnotes":""},"class_list":["post-592","page","type-page","status-publish","hentry"],"_links":{"self":[{"href":"https:\/\/www.gasoilcasasnovas.com\/de\/wp-json\/wp\/v2\/pages\/592","targetHints":{"allow":["GET"]}}],"collection":[{"href":"https:\/\/www.gasoilcasasnovas.com\/de\/wp-json\/wp\/v2\/pages"}],"about":[{"href":"https:\/\/www.gasoilcasasnovas.com\/de\/wp-json\/wp\/v2\/types\/page"}],"author":[{"embeddable":true,"href":"https:\/\/www.gasoilcasasnovas.com\/de\/wp-json\/wp\/v2\/users\/1"}],"replies":[{"embeddable":true,"href":"https:\/\/www.gasoilcasasnovas.com\/de\/wp-json\/wp\/v2\/comments?post=592"}],"version-history":[{"count":5,"href":"https:\/\/www.gasoilcasasnovas.com\/de\/wp-json\/wp\/v2\/pages\/592\/revisions"}],"predecessor-version":[{"id":729,"href":"https:\/\/www.gasoilcasasnovas.com\/de\/wp-json\/wp\/v2\/pages\/592\/revisions\/729"}],"wp:attachment":[{"href":"https:\/\/www.gasoilcasasnovas.com\/de\/wp-json\/wp\/v2\/media?parent=592"}],"curies":[{"name":"wp","href":"https:\/\/api.w.org\/{rel}","templated":true}]}}