{"id":590,"date":"2024-06-27T09:24:36","date_gmt":"2024-06-27T09:24:36","guid":{"rendered":"https:\/\/www.gasoilcasasnovas.com\/aviso-legal\/"},"modified":"2025-05-05T09:50:28","modified_gmt":"2025-05-05T09:50:28","slug":"avis-legal","status":"publish","type":"page","link":"https:\/\/www.gasoilcasasnovas.com\/ca\/avis-legal\/","title":{"rendered":"Avis Legal"},"content":{"rendered":"<style type=\"text\/css\">@media only screen and (min-width: 1000px) and (max-width: 5000px){body.kc-css-system .kc-css-2587333{width: 100%;}body.kc-css-system .kc-css-700738{width: 100%;}body.kc-css-system .kc-css-3072638{width: 50%;}body.kc-css-system .kc-css-396835{width: 50%;}body.kc-css-system .kc-css-207268{width: 90.2%;}body.kc-css-system .kc-css-1725929{width: 9.78%;}}body.kc-css-system .kc-css-3232519 .kc-container{max-width: 1170px;}body.kc-css-system .kc-css-3232519{margin-top: 50px;}body.kc-css-system .kc-css-3894309{text-align: left;}body.kc-css-system .kc-css-1212238 ,body.kc-css-system .kc-css-1212238 p{color: #043882;font-family: Lato;font-size: 14px;text-transform: uppercase;text-align: right;}body.kc-css-system .kc-css-4260684{margin-top: 50px;display: none;}body.kc-css-system .kc-css-126112 ,body.kc-css-system .kc-css-126112 p{color: #043882;font-family: Lato;font-size: 14px;text-transform: uppercase;text-align: right;}body.kc-css-system .kc-css-3344070 ,body.kc-css-system .kc-css-3344070 p{color: #043882;font-family: Lato;font-size: 14px;text-transform: uppercase;text-align: center;}body.kc-css-system .kc-css-2416972{text-align: center;}body.kc-css-system .kc-css-1546985 .kc-container{max-width: 1170px;}body.kc-css-system .kc-css-2686687.kc_title,body.kc-css-system .kc-css-2686687 .kc_title,body.kc-css-system .kc-css-2686687 .kc_title a.kc_title_link{color: rgba(10, 187, 239, 0.70);font-family: Lato;font-size: 32px;font-weight: 500;text-align: left;}body.kc-css-system .kc-css-1067151{margin-left: 0px;border-top: 3px solid #043882;;}body.kc-css-system .kc-css-1771992{text-align: left;}body.kc-css-system .kc-css-2424331 ,body.kc-css-system .kc-css-2424331 p{color: #043882;font-family: Lato;font-size: 32px;line-height: 24px;font-weight: 800;text-align: right;}body.kc-css-system .kc-css-2424331 p{margin-top: 5px;}body.kc-css-system .kc-css-805504 i{color: #404040;font-size: 32px;}body.kc-css-system .kc-css-805504{text-align: right;}body.kc-css-system .kc-css-4121278 ,body.kc-css-system .kc-css-4121278 p{color: #000000;font-family: Lato;font-size: 12px;text-align: center;}@media only screen and (max-width: 1024px){body.kc-css-system .kc-css-3232519{display: none;}body.kc-css-system .kc-css-4260684{display: inline-block;}}@media only screen and (max-width: 999px){body.kc-css-system .kc-css-3232519{display: none;}body.kc-css-system .kc-css-4260684{display: inline-block;}}@media only screen and (max-width: 767px){body.kc-css-system .kc-css-3232519{display: none;}body.kc-css-system .kc-css-4260684{display: inline-block;}}@media only screen and (max-width: 479px){body.kc-css-system .kc-css-3232519{display: none;}body.kc-css-system .kc-css-4260684{display: inline-block;}body.kc-css-system .kc-css-2424331 ,body.kc-css-system .kc-css-2424331 p{text-align: center;}body.kc-css-system .kc-css-805504{text-align: center;}}<\/style>\n<section id=\"contenidopagina\" class=\"kc-elm kc-css-3232519 kc_row\">\n<div class=\"kc-row-container  kc-container\">\n<div class=\"kc-wrap-columns\">\n<div class=\"kc-elm kc-css-2587333 kc_col-sm-12 kc_column kc_col-sm-12\">\n<div class=\"kc-col-container\">\n<div class=\"kc-elm kc-css-3894309 kc_shortcode kc_single_image\">\n<p>        <a  href=\"https:\/\/www.gasoilcasasnovas.com\/\" title=\"\" target=\"_self\"><br \/>\n        <img decoding=\"async\" src=\"https:\/\/www.gasoilcasasnovas.com\/wp-content\/uploads\/2018\/12\/logo.jpg\" class=\"logotipo\" alt=\"\" \/>    <\/a>\n    <\/div>\n<div class=\"kc-elm kc-css-1212238 kc_text_block idiomas\">\n<p>\n<a href=\"https:\/\/www.gasoilcasasnovas.com\/\">ESP<\/a> | <a href=\"https:\/\/www.gasoilcasasnovas.com\/ca\/\">CAT<\/a> | <a href=\"https:\/\/www.gasoilcasasnovas.com\/en\/\">ENG<\/a> | <a href=\"https:\/\/www.gasoilcasasnovas.com\/de\/\">DEU<\/a><\/p>\n<\/div>\n<div class=\"kc-elm kc-css-3592511 linea\" style=\"height: 7px; clear: both; width:100%;\"><\/div>\n<div class=\"kc-elm kc-css-2506879\" style=\"height: 7px; clear: both; width:100%;\"><\/div>\n<\/div>\n<\/div>\n<\/div>\n<\/div>\n<\/section>\n<section class=\"kc-elm kc-css-4260684 kc_row\">\n<div class=\"kc-row-container  kc-container\">\n<div class=\"kc-wrap-columns\">\n<div class=\"kc-elm kc-css-700738 kc_col-sm-12 kc_column kc_col-sm-12\">\n<div class=\"kc-col-container\">\n<div class=\"kc-elm kc-css-126112 kc_text_block idiomasmovil\">\n<p>\n<a href=\"https:\/\/www.gasoilcasasnovas.com\/\">ESP<\/a> | <a href=\"https:\/\/www.gasoilcasasnovas.com\/ca\/\">CAT<\/a> | <a href=\"https:\/\/www.gasoilcasasnovas.com\/en\/\">ENG<\/a> | <a href=\"https:\/\/www.gasoilcasasnovas.com\/de\/\">DEU<\/a><\/p>\n<\/div>\n<div class=\"kc-elm kc-css-3344070 kc_text_block idiomasmovilpetit\">\n<p>\n<a href=\"https:\/\/www.gasoilcasasnovas.com\/\">ESP<\/a> | <a href=\"https:\/\/www.gasoilcasasnovas.com\/ca\/\">CAT<\/a> | <a href=\"https:\/\/www.gasoilcasasnovas.com\/en\/\">ENG<\/a> | <a href=\"https:\/\/www.gasoilcasasnovas.com\/de\/\">DEU<\/a><\/p>\n<\/div>\n<div class=\"kc-elm kc-css-2416972 kc_shortcode kc_single_image\">\n<p>        <a  href=\"https:\/\/www.gasoilcasasnovas.com\/\" title=\"\" target=\"_self\"><br \/>\n        <img decoding=\"async\" src=\"https:\/\/www.gasoilcasasnovas.com\/wp-content\/uploads\/2018\/12\/logo.jpg\" class=\"\" alt=\"\" \/>    <\/a>\n    <\/div>\n<div class=\"kc-elm kc-css-2795815 linea\" style=\"height: 7px; clear: both; width:100%;\"><\/div>\n<div class=\"kc-elm kc-css-1756884\" style=\"height: 7px; clear: both; width:100%;\"><\/div>\n<\/div>\n<\/div>\n<\/div>\n<\/div>\n<\/section>\n<section data-kc-fullwidth=\"row\" class=\"kc-elm kc-css-1546985 kc_row\">\n<div class=\"kc-row-container  kc-container\">\n<div class=\"kc-wrap-columns\">\n<div class=\"kc-elm kc-css-4205514 kc_col-sm-12 kc_column kc_col-sm-12\">\n<div class=\"kc-col-container\">\n<div class=\"kc-elm kc-css-2451307\" style=\"height: 70px; clear: both; width:100%;\"><\/div>\n<div class=\"kc-elm kc-css-2686687 kc-title-wrap \">\n<p class=\"kc_title\">Avis Legal<\/p>\n<\/div>\n<div class=\"kc-elm kc-css-372119 kc_text_block\">\n<p>AVISO LEGAL<\/p>\n<p>En cumplimiento con el deber de informaci\u00f3n recogido en art\u00edculo 10 de la Ley 34\/2002, de 11 de julio, de Servicios de la Sociedad de la Informaci\u00f3n y del Comercio Electr\u00f3nico (LSSICE), el propietario de la web, le informa de lo siguiente:<\/p>\n<ul>\n<li>Denominaci\u00f3n social: Jos\u00e9 Luis Casasnovas Sastre<\/li>\n<li>NIF: 78208487T<\/li>\n<li>Domicilio: Carretera de Fornalutx, 40, 07100 &#8211; S\u00f3ller (Illes Balears)<\/li>\n<\/ul>\n<p>Con los l\u00edmites establecidos en la ley, Jos\u00e9 Luis Casasnovas Sastre no asume ninguna responsabilidad derivada de la falta de veracidad, integridad, actualizaci\u00f3n y precisi\u00f3n de los datos o informaciones que contienen sus p\u00e1ginas web.<\/p>\n<p>Los contenidos e informaci\u00f3n no vinculan a Jos\u00e9 Luis Casasnovas Sastre ni constituyen opiniones, consejos o asesoramiento legal de ning\u00fan tipo pues se trata meramente de un servicio ofrecido con car\u00e1cter informativo y divulgativo.<\/p>\n<p>Las p\u00e1ginas de Internet de Jos\u00e9 Luis Casasnovas Sastre pueden contener enlaces (links) a otras p\u00e1ginas de terceras partes que Jos\u00e9 Luis Casasnovas Sastre no puede controlar. Por lo tanto, Jos\u00e9 Luis Casasnovas Sastre no puede asumir responsabilidades por el contenido que pueda aparecer en p\u00e1ginas de terceros.<\/p>\n<p>Los textos, im\u00e1genes, sonidos, animaciones, software y el resto de los contenidos incluidos en este website son propiedad exclusiva de Jos\u00e9 Luis Casasnovas Sastre o sus licenciantes. Cualquier acto de transmisi\u00f3n, distribuci\u00f3n, cesi\u00f3n, reproducci\u00f3n, almacenamiento o comunicaci\u00f3n p\u00fablica total o parcial, deber\u00e1 contar con el consentimiento expreso de Jos\u00e9 Luis Casasnovas Sastre.<\/p>\n<p>Asimismo, para acceder a algunos de los servicios que Jos\u00e9 Luis Casasnovas Sastre ofrece a trav\u00e9s del sitio web, deber\u00e1 proporcionar algunos datos de car\u00e1cter personal. En cumplimiento de lo establecido en el Reglamento (UE) 2016\/679 del Parlamento Europeo y del Consejo, de 27 de abril de 2016, relativo a la protecci\u00f3n de las personas f\u00edsicas en lo que respecta al tratamiento de datos personales y a la libre circulaci\u00f3n de estos datos le informamos que, mediante la cumplimentaci\u00f3n de los presentes formularios, sus datos personales quedar\u00e1n incorporados y ser\u00e1n tratados en los ficheros de Jos\u00e9 Luis Casasnovas Sastre con el fin de poderle prestar y ofrecer nuestros servicios as\u00ed como para informarle de las mejoras del sitio Web.<\/p>\n<p>Le recordamos que tiene derecho a ejercer los derechos de acceso, rectificaci\u00f3n, cancelaci\u00f3n, limitaci\u00f3n, oposici\u00f3n y portabilidad de manera gratuita mediante correo electr\u00f3nico a: <a href=\"mailto:pedidos@gasoilcasasnovas.com\">pedidos@gasoilcasasnovas.com<\/a> o bien en la siguiente direcci\u00f3n: Carretera de Fornalutx, 40, 07100 &#8211; S\u00f3ller (Illes Balears) y de solicitar la tutela de la Agencia Espa\u00f1ola de Protecci\u00f3n de datos en <a href=\"http:\/\/www.aepd.es\">www.aepd.es<\/a><\/p>\n<p>REV: 20.3009<\/p>\n<\/p>\n<\/div>\n<\/div>\n<\/div>\n<\/div>\n<\/div>\n<\/section>\n<section class=\"kc-elm kc-css-1067151 kc_row\">\n<div class=\"kc-row-container  kc-container\">\n<div class=\"kc-wrap-columns\">\n<div class=\"kc-elm kc-css-3072638 kc_col-sm-6 kc_column kc_col-sm-6\">\n<div class=\"kc-col-container\">\n<div class=\"kc-elm kc-css-1617636\" style=\"height: 10px; clear: both; width:100%;\"><\/div>\n<div class=\"kc-elm kc-css-1771992 kc_shortcode kc_single_image\">\n<p>        <img decoding=\"async\" src=\"https:\/\/www.gasoilcasasnovas.com\/wp-content\/uploads\/2018\/12\/distribuidor.jpg\" class=\"\" alt=\"\" \/>    <\/div>\n<\/div>\n<\/div>\n<div class=\"kc-elm kc-css-396835 kc_col-sm-6 kc_column kc_col-sm-6\">\n<div class=\"kc-col-container\">\n<div class=\"kc-elm kc-css-4237818\" style=\"height: 20px; clear: both; width:100%;\"><\/div>\n<div class=\"kc-elm kc-css-3590453 kc_row kc_row_inner\">\n<div class=\"kc-elm kc-css-207268 kc_col-sm-11 kc_column_inner kc_col-sm-11\">\n<div class=\"kc_wrapper kc-col-inner-container\">\n<div class=\"kc-elm kc-css-2424331 kc_text_block\">\n<p>\nT. 629 71 95 22<br \/><a class=\"mail\" href=\"mailto:pedidos@gasoilcasasnovas.com\">pedidos@gasoilcasasnovas.com<\/a><\/p>\n<\/div>\n<\/div>\n<\/div>\n<div class=\"kc-elm kc-css-1725929 kc_col-sm-1 kc_column_inner kc_col-sm-1\">\n<div class=\"kc_wrapper kc-col-inner-container\">\n<div class=\"kc-elm kc-css-805504 kc-icon-wrapper\">\n\t\t<a href=\"https:\/\/www.facebook.com\/gasoilcasasnovas\/\" target=\"_blank\" title=\"\"><br \/>\n\t\t<i class=\"fab-facebook-square\"><\/i><br \/>\n\t\t<\/a>\n\t<\/div>\n<\/div>\n<\/div>\n<\/div>\n<div class=\"kc-elm kc-css-1040331\" style=\"height: 20px; clear: both; width:100%;\"><\/div>\n<\/div>\n<\/div>\n<\/div>\n<\/div>\n<\/section>\n<section class=\"kc-elm kc-css-2132331 kc_row\">\n<div class=\"kc-row-container  kc-container\">\n<div class=\"kc-wrap-columns\">\n<div class=\"kc-elm kc-css-2782260 kc_col-sm-12 kc_column kc_col-sm-12\">\n<div class=\"kc-col-container\">\n<div class=\"kc-elm kc-css-4121278 kc_text_block\">\n<p><a href=\"https:\/\/www.gasoilcasasnovas.com\/ca\/politica-de-privacitat\/\" style=\"color:#000;\">Pol\u00edtica de privacitat<\/a> \u00b7 <a href=\"https:\/\/www.gasoilcasasnovas.com\/ca\/avis-legal\/\" style=\"color:#000;\">Avis Legal<\/a> \u00b7 <a href=\"https:\/\/www.gasoilcasasnovas.com\/ca\/cookies\/\" style=\"color:#000;\">Cookies<\/a><\/p>\n<\/div>\n<\/div>\n<\/div>\n<\/div>\n<\/div>\n<\/section>\n","protected":false},"excerpt":{"rendered":"<p>ESP | CAT | ENG | DEU ESP | CAT | ENG | DEU ESP | CAT | ENG | DEU Avis Legal AVISO LEGAL En cumplimiento con el deber de informaci\u00f3n recogido en art\u00edculo 10 de la Ley 34\/2002, de 11 de julio, de Servicios de la Sociedad de la Informaci\u00f3n y del Comercio [&hellip;]<\/p>\n","protected":false},"author":1,"featured_media":0,"parent":0,"menu_order":0,"comment_status":"closed","ping_status":"closed","template":"","meta":{"footnotes":""},"class_list":["post-590","page","type-page","status-publish","hentry"],"_links":{"self":[{"href":"https:\/\/www.gasoilcasasnovas.com\/ca\/wp-json\/wp\/v2\/pages\/590","targetHints":{"allow":["GET"]}}],"collection":[{"href":"https:\/\/www.gasoilcasasnovas.com\/ca\/wp-json\/wp\/v2\/pages"}],"about":[{"href":"https:\/\/www.gasoilcasasnovas.com\/ca\/wp-json\/wp\/v2\/types\/page"}],"author":[{"embeddable":true,"href":"https:\/\/www.gasoilcasasnovas.com\/ca\/wp-json\/wp\/v2\/users\/1"}],"replies":[{"embeddable":true,"href":"https:\/\/www.gasoilcasasnovas.com\/ca\/wp-json\/wp\/v2\/comments?post=590"}],"version-history":[{"count":5,"href":"https:\/\/www.gasoilcasasnovas.com\/ca\/wp-json\/wp\/v2\/pages\/590\/revisions"}],"predecessor-version":[{"id":723,"href":"https:\/\/www.gasoilcasasnovas.com\/ca\/wp-json\/wp\/v2\/pages\/590\/revisions\/723"}],"wp:attachment":[{"href":"https:\/\/www.gasoilcasasnovas.com\/ca\/wp-json\/wp\/v2\/media?parent=590"}],"curies":[{"name":"wp","href":"https:\/\/api.w.org\/{rel}","templated":true}]}}