{"id":578,"date":"2024-06-27T09:17:51","date_gmt":"2024-06-27T09:17:51","guid":{"rendered":"https:\/\/www.gasoilcasasnovas.com\/politica-de-privacidad\/"},"modified":"2025-05-05T09:50:30","modified_gmt":"2025-05-05T09:50:30","slug":"politica-de-privacitat","status":"publish","type":"page","link":"https:\/\/www.gasoilcasasnovas.com\/ca\/politica-de-privacitat\/","title":{"rendered":"Pol\u00edtica de privacitat"},"content":{"rendered":"<style type=\"text\/css\">@media only screen and (min-width: 1000px) and (max-width: 5000px){body.kc-css-system .kc-css-2217285{width: 100%;}body.kc-css-system .kc-css-2930255{width: 100%;}body.kc-css-system .kc-css-1317818{width: 50%;}body.kc-css-system .kc-css-4010549{width: 50%;}body.kc-css-system .kc-css-4314578{width: 90.2%;}body.kc-css-system .kc-css-4291892{width: 9.78%;}}body.kc-css-system .kc-css-230074 .kc-container{max-width: 1170px;}body.kc-css-system .kc-css-230074{margin-top: 50px;}body.kc-css-system .kc-css-1240762{text-align: left;}body.kc-css-system .kc-css-4015831 ,body.kc-css-system .kc-css-4015831 p{color: #043882;font-family: Lato;font-size: 14px;text-transform: uppercase;text-align: right;}body.kc-css-system .kc-css-4174474{margin-top: 50px;display: none;}body.kc-css-system .kc-css-711391 ,body.kc-css-system .kc-css-711391 p{color: #043882;font-family: Lato;font-size: 14px;text-transform: uppercase;text-align: right;}body.kc-css-system .kc-css-353538 ,body.kc-css-system .kc-css-353538 p{color: #043882;font-family: Lato;font-size: 14px;text-transform: uppercase;text-align: center;}body.kc-css-system .kc-css-1743791{text-align: center;}body.kc-css-system .kc-css-1114575 .kc-container{max-width: 1170px;}body.kc-css-system .kc-css-3741663.kc_title,body.kc-css-system .kc-css-3741663 .kc_title,body.kc-css-system .kc-css-3741663 .kc_title a.kc_title_link{color: rgba(10, 187, 239, 0.70);font-family: Lato;font-size: 32px;font-weight: 500;text-align: left;}body.kc-css-system .kc-css-695016{margin-left: 0px;border-top: 3px solid #043882;;}body.kc-css-system .kc-css-2777320{text-align: left;}body.kc-css-system .kc-css-1357153 ,body.kc-css-system .kc-css-1357153 p{color: #043882;font-family: Lato;font-size: 32px;line-height: 24px;font-weight: 800;text-align: right;}body.kc-css-system .kc-css-1357153 p{margin-top: 5px;}body.kc-css-system .kc-css-1403565 i{color: #404040;font-size: 32px;}body.kc-css-system .kc-css-1403565{text-align: right;}body.kc-css-system .kc-css-4114460 ,body.kc-css-system .kc-css-4114460 p{color: #000000;font-family: Lato;font-size: 12px;text-align: center;}@media only screen and (max-width: 1024px){body.kc-css-system .kc-css-230074{display: none;}body.kc-css-system .kc-css-4174474{display: inline-block;}}@media only screen and (max-width: 999px){body.kc-css-system .kc-css-230074{display: none;}body.kc-css-system .kc-css-4174474{display: inline-block;}}@media only screen and (max-width: 767px){body.kc-css-system .kc-css-230074{display: none;}body.kc-css-system .kc-css-4174474{display: inline-block;}}@media only screen and (max-width: 479px){body.kc-css-system .kc-css-230074{display: none;}body.kc-css-system .kc-css-4174474{display: inline-block;}body.kc-css-system .kc-css-1357153 ,body.kc-css-system .kc-css-1357153 p{text-align: center;}body.kc-css-system .kc-css-1403565{text-align: center;}}<\/style>\n<section id=\"contenidopagina\" class=\"kc-elm kc-css-230074 kc_row\">\n<div class=\"kc-row-container  kc-container\">\n<div class=\"kc-wrap-columns\">\n<div class=\"kc-elm kc-css-2217285 kc_col-sm-12 kc_column kc_col-sm-12\">\n<div class=\"kc-col-container\">\n<div class=\"kc-elm kc-css-1240762 kc_shortcode kc_single_image\">\n<p>        <a  href=\"https:\/\/www.gasoilcasasnovas.com\/\" title=\"\" target=\"_self\"><br \/>\n        <img decoding=\"async\" src=\"https:\/\/www.gasoilcasasnovas.com\/wp-content\/uploads\/2018\/12\/logo.jpg\" class=\"logotipo\" alt=\"\" \/>    <\/a>\n    <\/div>\n<div class=\"kc-elm kc-css-4015831 kc_text_block idiomas\">\n<p>\n<a href=\"https:\/\/www.gasoilcasasnovas.com\/\">ESP<\/a> | <a href=\"https:\/\/www.gasoilcasasnovas.com\/ca\/\">CAT<\/a> | <a href=\"https:\/\/www.gasoilcasasnovas.com\/en\/\">ENG<\/a> | <a href=\"https:\/\/www.gasoilcasasnovas.com\/de\/\">DEU<\/a><\/p>\n<\/div>\n<div class=\"kc-elm kc-css-2518191 linea\" style=\"height: 7px; clear: both; width:100%;\"><\/div>\n<div class=\"kc-elm kc-css-1882709\" style=\"height: 7px; clear: both; width:100%;\"><\/div>\n<\/div>\n<\/div>\n<\/div>\n<\/div>\n<\/section>\n<section class=\"kc-elm kc-css-4174474 kc_row\">\n<div class=\"kc-row-container  kc-container\">\n<div class=\"kc-wrap-columns\">\n<div class=\"kc-elm kc-css-2930255 kc_col-sm-12 kc_column kc_col-sm-12\">\n<div class=\"kc-col-container\">\n<div class=\"kc-elm kc-css-711391 kc_text_block idiomasmovil\">\n<p>\n<a href=\"https:\/\/www.gasoilcasasnovas.com\/\">ESP<\/a> | <a href=\"https:\/\/www.gasoilcasasnovas.com\/ca\/\">CAT<\/a> | <a href=\"https:\/\/www.gasoilcasasnovas.com\/en\/\">ENG<\/a> | <a href=\"https:\/\/www.gasoilcasasnovas.com\/de\/\">DEU<\/a><\/p>\n<\/div>\n<div class=\"kc-elm kc-css-353538 kc_text_block idiomasmovilpetit\">\n<p>\n<a href=\"https:\/\/www.gasoilcasasnovas.com\/\">ESP<\/a> | <a href=\"https:\/\/www.gasoilcasasnovas.com\/ca\/\">CAT<\/a> | <a href=\"https:\/\/www.gasoilcasasnovas.com\/en\/\">ENG<\/a> | <a href=\"https:\/\/www.gasoilcasasnovas.com\/de\/\">DEU<\/a><\/p>\n<\/div>\n<div class=\"kc-elm kc-css-1743791 kc_shortcode kc_single_image\">\n<p>        <a  href=\"https:\/\/www.gasoilcasasnovas.com\/\" title=\"\" target=\"_self\"><br \/>\n        <img decoding=\"async\" src=\"https:\/\/www.gasoilcasasnovas.com\/wp-content\/uploads\/2018\/12\/logo.jpg\" class=\"\" alt=\"\" \/>    <\/a>\n    <\/div>\n<div class=\"kc-elm kc-css-2151483 linea\" style=\"height: 7px; clear: both; width:100%;\"><\/div>\n<div class=\"kc-elm kc-css-2810461\" style=\"height: 7px; clear: both; width:100%;\"><\/div>\n<\/div>\n<\/div>\n<\/div>\n<\/div>\n<\/section>\n<section data-kc-fullwidth=\"row\" class=\"kc-elm kc-css-1114575 kc_row\">\n<div class=\"kc-row-container  kc-container\">\n<div class=\"kc-wrap-columns\">\n<div class=\"kc-elm kc-css-3342456 kc_col-sm-12 kc_column kc_col-sm-12\">\n<div class=\"kc-col-container\">\n<div class=\"kc-elm kc-css-977054\" style=\"height: 70px; clear: both; width:100%;\"><\/div>\n<div class=\"kc-elm kc-css-3741663 kc-title-wrap \">\n<p class=\"kc_title\">Pol\u00edtica de privacitat<\/p>\n<\/div>\n<div class=\"kc-elm kc-css-2376147 kc_text_block\">\n<p>\n<strong>Protecci\u00f3n de datos de car\u00e1cter personal seg\u00fan el RGPD<\/strong><\/p>\n<p>Jos\u00e9 Luis Casasnovas Sastre, en aplicaci\u00f3n de la normativa vigente en materia de protecci\u00f3n de datos de car\u00e1cter personal, informa que los datos personales que se recogen a trav\u00e9s de los formularios del Sitio web: https:\/\/www.gasoilcasasnovas.com\/, se incluyen en los ficheros automatizados espec\u00edficos de usuarios de los servicios de Jos\u00e9 Luis Casasnovas Sastre<\/p>\n<p>La recogida y tratamiento automatizado de los datos de car\u00e1cter personal tiene como finalidad el mantenimiento de la relaci\u00f3n comercial y el desempe\u00f1o de tareas de informaci\u00f3n, formaci\u00f3n, asesoramiento y otras actividades propias de Jos\u00e9 Luis Casasnovas Sastre<\/p>\n<p>Estos datos \u00fanicamente ser\u00e1n cedidos a aquellas entidades que sean necesarias con el \u00fanico objetivo de dar cumplimiento a la finalidad anteriormente expuesta.<\/p>\n<p>Jos\u00e9 Luis Casasnovas Sastre adopta las medidas necesarias para garantizar la seguridad, integridad y confidencialidad de los datos conforme a lo dispuesto en el Reglamento (UE) 2016\/679 del Parlamento Europeo y del Consejo, de 27 de abril de 2016, relativo a la protecci\u00f3n de las personas f\u00edsicas en lo que respecta al tratamiento de datos personales y a la libre circulaci\u00f3n de los mismos, y derogando la antigua LOPD, la nueva Ley Org\u00e1nica 3\/2018, de 5 diciembre, de Protecci\u00f3n de Datos y Garant\u00eda de los Derechos Digitales (LOPDGDD).<\/p>\n<p>Le recordamos que tiene derecho a ejercer los derechos de acceso, rectificaci\u00f3n, cancelaci\u00f3n, limitaci\u00f3n, oposici\u00f3n y portabilidad de manera gratuita mediante correo electr\u00f3nico a: <a href=\"mailto:pedidos@gasoilcasasnovas.com\">pedidos@gasoilcasasnovas.com<\/a> o bien en la siguiente direcci\u00f3n: Carretera de Fornalutx, 40, 07100 &#8211; S\u00f3ller (Illes Balears) y de solicitar la tutela de la Agencia Espa\u00f1ola de Protecci\u00f3n de datos en <a href=\"http:\/\/www.aepd.es\">www.aepd.es<\/a><\/p>\n<p>El usuario manifiesta que todos los datos facilitados por \u00e9l son ciertos y correctos, y se compromete a mantenerlos actualizados, comunicando los cambios a Jos\u00e9 Luis Casasnovas Sastre<\/p>\n<p><strong>Finalidad del tratamiento de los datos personales:<\/strong><\/p>\n<p><strong>\u00bfCon qu\u00e9 finalidad trataremos tus datos personales?<\/strong><\/p>\n<p>En Jos\u00e9 Luis Casasnovas Sastre, trataremos tus datos personales recabados a trav\u00e9s del Sitio Web: https:\/\/www.gasoilcasasnovas.com\/, con las siguientes finalidades:<\/p>\n<ol>\n<li>Prestar sus servicios de acuerdo con las necesidades particulares de los clientes, con el fin de cumplir los contratos suscritos por la misma.<\/li>\n<li>Dar respuesta a las consultas o cualquier tipo de petici\u00f3n que sea realizada por el USUARIO a trav\u00e9s de cualquiera de las formas de contacto que se ponen a su disposici\u00f3n en la p\u00e1gina web del RESPONSABLE.<\/li>\n<\/ol>\n<p>Te recordamos que puedes oponerte al env\u00edo de comunicaciones comerciales por cualquier v\u00eda y en cualquier momento, remitiendo un correo electr\u00f3nico a la direcci\u00f3n anteriormente indicada.<\/p>\n<p>Los campos de dichos registros son de cumplimentaci\u00f3n obligatoria, siendo imposible realizar las finalidades expresadas si no se aportan esos datos.<\/p>\n<p><strong>\u00bfPor cu\u00e1nto tiempo se conservan los datos personales recabados?<\/strong><\/p>\n<p>Los datos personales proporcionados se conservar\u00e1n mientras se mantenga la relaci\u00f3n comercial o no solicites su supresi\u00f3n y durante el plazo por el cu\u00e1l pudieran derivarse responsabilidades legales por los servicios prestados.<\/p>\n<p>Legitimaci\u00f3n:<\/p>\n<p>El tratamiento de tus datos se realiza con las siguientes bases jur\u00eddicas que legitiman el mismo:<\/p>\n<ol>\n<li>La solicitud de informaci\u00f3n y\/o la contrataci\u00f3n de los servicios de Jos\u00e9 Luis Casasnovas Sastre, cuyos t\u00e9rminos y condiciones se pondr\u00e1n a tu disposici\u00f3n en todo caso, de forma previa a una eventual contrataci\u00f3n.<\/li>\n<li>El consentimiento libre, espec\u00edfico, informado e inequ\u00edvoco, en tanto que te informamos poniendo a tu disposici\u00f3n la presente pol\u00edtica de privacidad, que tras la lectura de la misma, en caso de estar conforme, puedes aceptar mediante una declaraci\u00f3n o una clara acci\u00f3n afirmativa, como el marcado de una casilla dispuesta al efecto.<\/li>\n<\/ol>\n<p>En caso de que no nos facilites tus datos o lo hagas de forma err\u00f3nea o incompleta, no podremos atender tu solicitud, resultando del todo imposible proporcionarte la informaci\u00f3n solicitada o llevar a cabo la contrataci\u00f3n de los servicios.<\/p>\n<p>Destinatarios:<\/p>\n<p>Los datos no se comunicar\u00e1n a ning\u00fan tercero ajeno a Jos\u00e9 Luis Casasnovas Sastre, salvo obligaci\u00f3n legal.<\/p>\n<p>Datos recopilados por usuarios de los servicios<\/p>\n<p>En los casos en que el usuario incluya ficheros con datos de car\u00e1cter personal en los servidores de alojamiento compartido, Jos\u00e9 Luis Casasnovas Sastre no se hace responsable del incumplimiento por parte del usuario del RGPD.<\/p>\n<p>Derechos propiedad intelectual https:\/\/www.gasoilcasasnovas.com\/<\/p>\n<p>Jos\u00e9 Luis Casasnovas Sastre es titular de todos los derechos de autor, propiedad intelectual, industrial, &#8220;know how&#8221; y cuantos otros derechos guardan relaci\u00f3n con los contenidos del sitio web https:\/\/www.gasoilcasasnovas.com\/ y los servicios ofertados en el mismo, as\u00ed como de los programas necesarios para su implementaci\u00f3n y la informaci\u00f3n relacionada.<\/p>\n<p>No se permite la reproducci\u00f3n, publicaci\u00f3n y\/o uso no estrictamente privado de los contenidos, totales o parciales, del sitio web https:\/\/www.gasoilcasasnovas.com\/ sin el consentimiento previo y por escrito.<\/p>\n<p>Propiedad intelectual del software<\/p>\n<p>El usuario debe respetar los programas de terceros puestos a su disposici\u00f3n por Jos\u00e9 Luis Casasnovas Sastre, a\u00fan siendo gratuitos y\/o de disposici\u00f3n p\u00fablica.<\/p>\n<p>Jos\u00e9 Luis Casasnovas Sastre dispone de los derechos de explotaci\u00f3n y propiedad intelectual necesarios del software.<\/p>\n<p>El usuario no adquiere derecho alguno o licencia por el servicio contratado, sobre el software necesario para la prestaci\u00f3n del servicio, ni tampoco sobre la informaci\u00f3n t\u00e9cnica de seguimiento del servicio, excepci\u00f3n hecha de los derechos y licencias necesarios para el cumplimiento de los servicios contratados y \u00fanicamente durante la duraci\u00f3n de los mismos.<\/p>\n<p>Para toda actuaci\u00f3n que exceda del cumplimiento del contrato, el usuario necesitar\u00e1 autorizaci\u00f3n por escrito por parte de Jos\u00e9 Luis Casasnovas Sastre, quedando prohibido al usuario acceder, modificar, visualizar la configuraci\u00f3n, estructura y ficheros de los servidores propiedad de Jos\u00e9 Luis Casasnovas Sastre, asumiendo la responsabilidad civil y penal derivada de cualquier incidencia que se pudiera producir en los servidores y sistemas de seguridad como consecuencia directa de una actuaci\u00f3n negligente o maliciosa por su parte.<\/p>\n<p>Propiedad intelectual de los contenidos alojados<\/p>\n<p>Se proh\u00edbe el uso contrario a la legislaci\u00f3n sobre propiedad intelectual de los servicios prestados por Jos\u00e9 Luis Casasnovas Sastre y, en particular de:<\/p>\n<ol>\n<li>La utilizaci\u00f3n que resulte contraria a las leyes espa\u00f1olas o que infrinja los derechos de terceros.<\/li>\n<li>La publicaci\u00f3n o la transmisi\u00f3n de cualquier contenido que, a juicio de Jos\u00e9 Luis Casasnovas Sastre, resulte violento, obsceno, abusivo, ilegal, racial, xen\u00f3fobo o difamatorio.<\/li>\n<li>Los cracks, n\u00fameros de serie de programas o cualquier otro contenido que vulnere derechos de la propiedad intelectual de terceros.<\/li>\n<li>La recogida y\/o utilizaci\u00f3n de datos personales de otros usuarios sin su consentimiento expreso o contraviniendo lo dispuesto en el Reglamento (UE) 2016\/679 del Parlamento Europeo y del Consejo, de 27 de abril de 2016, relativo a la protecci\u00f3n de las personas f\u00edsicas en lo que respecta al tratamiento de datos personales y a la libre circulaci\u00f3n de los mismos.<\/li>\n<li>La utilizaci\u00f3n del servidor de correo del dominio y de las direcciones de correo electr\u00f3nico para el env\u00edo de correo masivo no deseado.<\/li>\n<\/ol>\n<p>El usuario tiene toda la responsabilidad sobre el contenido de su web, la informaci\u00f3n transmitida y almacenada, los enlaces de hipertexto, las reivindicaciones de terceros y las acciones legales en referencia a propiedad intelectual, derechos de terceros y protecci\u00f3n de menores.<\/p>\n<p>El usuario es responsable respecto a las leyes y reglamentos en vigor y las reglas que tienen que ver con el funcionamiento del servicio online, comercio electr\u00f3nico, derechos de autor, mantenimiento del orden p\u00fablico, as\u00ed como principios universales de uso de Internet.<\/p>\n<p>El usuario indemnizar\u00e1 a Jos\u00e9 Luis Casasnovas Sastre por los gastos que generara la imputaci\u00f3n de Jos\u00e9 Luis Casasnovas Sastre en alguna causa cuya responsabilidad fuera atribuible al usuario, incluidos honorarios y gastos de defensa jur\u00eddica, incluso en el caso de una decisi\u00f3n judicial no definitiva.<\/p>\n<p>Protecci\u00f3n de la informaci\u00f3n alojada<\/p>\n<p>Jos\u00e9 Luis Casasnovas Sastre realiza copias de seguridad de los contenidos alojados en sus servidores, sin embargo no se responsabiliza de la p\u00e9rdida o el borrado accidental de los datos por parte de los usuarios. De igual manera, no garantiza la reposici\u00f3n total de los datos borrados por los usuarios, ya que los citados datos podr\u00edan haber sido suprimidos y\/o modificados durante el periodo del tiempo transcurrido desde la \u00faltima copia de seguridad.<\/p>\n<p>Los servicios ofertados, excepto los servicios espec\u00edficos de backup, no incluyen la reposici\u00f3n de los contenidos conservados en las copias de seguridad realizadas por Jos\u00e9 Luis Casasnovas Sastre, cuando esta p\u00e9rdida sea imputable al usuario; en este caso, se determinar\u00e1 una tarifa acorde a la complejidad y volumen de la recuperaci\u00f3n, siempre previa aceptaci\u00f3n del usuario.<\/p>\n<p>La reposici\u00f3n de datos borrados s\u00f3lo est\u00e1 incluida en el precio del servicio cuando la p\u00e9rdida del contenido sea debida a causas atribuibles a Jos\u00e9 Luis Casasnovas Sastre.<\/p>\n<p>Comunicaciones comerciales<\/p>\n<p>En aplicaci\u00f3n de la LSSI. Jos\u00e9 Luis Casasnovas Sastre no enviar\u00e1 comunicaciones publicitarias o promocionales por correo electr\u00f3nico u otro medio de comunicaci\u00f3n electr\u00f3nica equivalente que previamente no hubieran sido solicitadas o expresamente autorizadas por los destinatarios de las mismas.<\/p>\n<p>En el caso de usuarios con los que exista una relaci\u00f3n contractual previa, Jos\u00e9 Luis Casasnovas Sastre s\u00ed est\u00e1 autorizado al env\u00edo de comunicaciones comerciales referentes a productos o servicios de Jos\u00e9 Luis Casasnovas Sastre que sean similares a los que inicialmente fueron objeto de contrataci\u00f3n con el cliente.<\/p>\n<p>En todo caso, el usuario, tras acreditar su identidad, podr\u00e1 solicitar que no se le haga llegar m\u00e1s informaci\u00f3n comercial a trav\u00e9s de los canales de Atenci\u00f3n al Cliente.<\/p>\n<p>REV: 20.3009<\/p>\n<\/div>\n<\/div>\n<\/div>\n<\/div>\n<\/div>\n<\/section>\n<section class=\"kc-elm kc-css-695016 kc_row\">\n<div class=\"kc-row-container  kc-container\">\n<div class=\"kc-wrap-columns\">\n<div class=\"kc-elm kc-css-1317818 kc_col-sm-6 kc_column kc_col-sm-6\">\n<div class=\"kc-col-container\">\n<div class=\"kc-elm kc-css-2547933\" style=\"height: 10px; clear: both; width:100%;\"><\/div>\n<div class=\"kc-elm kc-css-2777320 kc_shortcode kc_single_image\">\n<p>        <img decoding=\"async\" src=\"https:\/\/www.gasoilcasasnovas.com\/wp-content\/uploads\/2018\/12\/distribuidor.jpg\" class=\"\" alt=\"\" \/>    <\/div>\n<\/div>\n<\/div>\n<div class=\"kc-elm kc-css-4010549 kc_col-sm-6 kc_column kc_col-sm-6\">\n<div class=\"kc-col-container\">\n<div class=\"kc-elm kc-css-465633\" style=\"height: 20px; clear: both; width:100%;\"><\/div>\n<div class=\"kc-elm kc-css-661889 kc_row kc_row_inner\">\n<div class=\"kc-elm kc-css-4314578 kc_col-sm-11 kc_column_inner kc_col-sm-11\">\n<div class=\"kc_wrapper kc-col-inner-container\">\n<div class=\"kc-elm kc-css-1357153 kc_text_block\">\n<p>\nT. 629 71 95 22<br \/>\n<a class=\"mail\" href=\"mailto:pedidos@gasoilcasasnovas.com\">pedidos@gasoilcasasnovas.com<\/a><\/p>\n<\/div>\n<\/div>\n<\/div>\n<div class=\"kc-elm kc-css-4291892 kc_col-sm-1 kc_column_inner kc_col-sm-1\">\n<div class=\"kc_wrapper kc-col-inner-container\">\n<div class=\"kc-elm kc-css-1403565 kc-icon-wrapper\">\n\t\t<a href=\"https:\/\/www.facebook.com\/gasoilcasasnovas\/\" target=\"_blank\" title=\"\"><br \/>\n\t\t<i class=\"fab-facebook-square\"><\/i><br \/>\n\t\t<\/a>\n\t<\/div>\n<\/div>\n<\/div>\n<\/div>\n<div class=\"kc-elm kc-css-842004\" style=\"height: 20px; clear: both; width:100%;\"><\/div>\n<\/div>\n<\/div>\n<\/div>\n<\/div>\n<\/section>\n<section class=\"kc-elm kc-css-2149591 kc_row\">\n<div class=\"kc-row-container  kc-container\">\n<div class=\"kc-wrap-columns\">\n<div class=\"kc-elm kc-css-480996 kc_col-sm-12 kc_column kc_col-sm-12\">\n<div class=\"kc-col-container\">\n<div class=\"kc-elm kc-css-4114460 kc_text_block\">\n<p><a href=\"https:\/\/www.gasoilcasasnovas.com\/ca\/politica-de-privacitat\/\" style=\"color:#000;\">Pol\u00edtica de privacitat<\/a> \u00b7 <a href=\"https:\/\/www.gasoilcasasnovas.com\/ca\/avis-legal\/\" style=\"color:#000;\">Avis Legal<\/a> \u00b7 <a href=\"https:\/\/www.gasoilcasasnovas.com\/ca\/cookies\/\" style=\"color:#000;\">Cookies<\/a><\/p>\n<\/div>\n<\/div>\n<\/div>\n<\/div>\n<\/div>\n<\/section>\n","protected":false},"excerpt":{"rendered":"<p>ESP | CAT | ENG | DEU ESP | CAT | ENG | DEU ESP | CAT | ENG | DEU Pol\u00edtica de privacitat Protecci\u00f3n de datos de car\u00e1cter personal seg\u00fan el RGPD Jos\u00e9 Luis Casasnovas Sastre, en aplicaci\u00f3n de la normativa vigente en materia de protecci\u00f3n de datos de car\u00e1cter personal, informa que los [&hellip;]<\/p>\n","protected":false},"author":1,"featured_media":0,"parent":0,"menu_order":0,"comment_status":"closed","ping_status":"closed","template":"","meta":{"footnotes":""},"class_list":["post-578","page","type-page","status-publish","hentry"],"_links":{"self":[{"href":"https:\/\/www.gasoilcasasnovas.com\/ca\/wp-json\/wp\/v2\/pages\/578","targetHints":{"allow":["GET"]}}],"collection":[{"href":"https:\/\/www.gasoilcasasnovas.com\/ca\/wp-json\/wp\/v2\/pages"}],"about":[{"href":"https:\/\/www.gasoilcasasnovas.com\/ca\/wp-json\/wp\/v2\/types\/page"}],"author":[{"embeddable":true,"href":"https:\/\/www.gasoilcasasnovas.com\/ca\/wp-json\/wp\/v2\/users\/1"}],"replies":[{"embeddable":true,"href":"https:\/\/www.gasoilcasasnovas.com\/ca\/wp-json\/wp\/v2\/comments?post=578"}],"version-history":[{"count":6,"href":"https:\/\/www.gasoilcasasnovas.com\/ca\/wp-json\/wp\/v2\/pages\/578\/revisions"}],"predecessor-version":[{"id":724,"href":"https:\/\/www.gasoilcasasnovas.com\/ca\/wp-json\/wp\/v2\/pages\/578\/revisions\/724"}],"wp:attachment":[{"href":"https:\/\/www.gasoilcasasnovas.com\/ca\/wp-json\/wp\/v2\/media?parent=578"}],"curies":[{"name":"wp","href":"https:\/\/api.w.org\/{rel}","templated":true}]}}